{"id":399,"date":"2024-05-12T18:41:06","date_gmt":"2024-05-12T18:41:06","guid":{"rendered":"https:\/\/remedios24.cc\/?post_type=product&#038;p=399"},"modified":"2026-03-24T11:08:24","modified_gmt":"2026-03-24T11:08:24","slug":"viagra","status":"publish","type":"product","link":"https:\/\/remedios24.cc\/es\/product\/viagra\/","title":{"rendered":"Viagra"},"content":{"rendered":"","protected":false},"excerpt":{"rendered":"","protected":false},"featured_media":1090,"comment_status":"open","ping_status":"closed","template":"","meta":[],"product_cat":[16],"product_tag":[42],"yoast_head":"<!-- This site is optimized with the Yoast SEO plugin v22.6 - https:\/\/yoast.com\/wordpress\/plugins\/seo\/ -->\n<title>Compra Viagra online en Espa\u00f1a | Remedios24<\/title>\n<meta name=\"description\" content=\"Compra Viagra online en Espa\u00f1a sin receta. Entrega en 7 a 10 d\u00edas.\" \/>\n<meta name=\"robots\" content=\"index, follow, max-snippet:-1, max-image-preview:large, max-video-preview:-1\" \/>\n<link rel=\"canonical\" href=\"https:\/\/remedios24.cc\/es\/product\/viagra\/\" \/>\n<meta property=\"og:locale\" content=\"es_ES\" \/>\n<meta property=\"og:type\" content=\"article\" \/>\n<meta property=\"og:title\" content=\"Compra Viagra online en Espa\u00f1a | Remedios24\" \/>\n<meta property=\"og:description\" content=\"Compra Viagra online en Espa\u00f1a sin receta. Entrega en 7 a 10 d\u00edas.\" \/>\n<meta property=\"og:url\" content=\"https:\/\/remedios24.cc\/es\/product\/viagra\/\" \/>\n<meta property=\"og:site_name\" content=\"remedios24\" \/>\n<meta property=\"article:modified_time\" content=\"2026-03-24T11:08:24+00:00\" \/>\n<meta property=\"og:image\" content=\"https:\/\/remedios24.cc\/wp-content\/uploads\/2024\/05\/08934-notw7-viagraKOcxd.jpeg\" \/>\n\t<meta property=\"og:image:width\" content=\"700\" \/>\n\t<meta property=\"og:image:height\" content=\"463\" \/>\n\t<meta property=\"og:image:type\" content=\"image\/jpeg\" \/>\n<meta name=\"twitter:card\" content=\"summary_large_image\" \/>\n<meta name=\"twitter:label1\" content=\"Tiempo de lectura\" \/>\n\t<meta name=\"twitter:data1\" content=\"1 minuto\" \/>\n<script type=\"application\/ld+json\" class=\"yoast-schema-graph\">{\"@context\":\"https:\/\/schema.org\",\"@graph\":[{\"@type\":\"WebPage\",\"@id\":\"https:\/\/remedios24.cc\/product\/viagra\/\",\"url\":\"https:\/\/remedios24.cc\/product\/viagra\/\",\"name\":\"Compra Viagra online en Espa\u00f1a | Remedios24\",\"isPartOf\":{\"@id\":\"https:\/\/remedios24.cc\/#website\"},\"primaryImageOfPage\":{\"@id\":\"https:\/\/remedios24.cc\/product\/viagra\/#primaryimage\"},\"image\":{\"@id\":\"https:\/\/remedios24.cc\/product\/viagra\/#primaryimage\"},\"thumbnailUrl\":\"https:\/\/remedios24.cc\/wp-content\/uploads\/2024\/05\/08934-notw7-viagraKOcxd.jpeg\",\"datePublished\":\"2024-05-12T18:41:06+00:00\",\"dateModified\":\"2026-03-24T11:08:24+00:00\",\"description\":\"Compra Viagra online en Espa\u00f1a sin receta. Entrega en 7 a 10 d\u00edas.\",\"breadcrumb\":{\"@id\":\"https:\/\/remedios24.cc\/product\/viagra\/#breadcrumb\"},\"inLanguage\":\"es\",\"potentialAction\":[{\"@type\":\"ReadAction\",\"target\":[\"https:\/\/remedios24.cc\/product\/viagra\/\"]}]},{\"@type\":\"ImageObject\",\"inLanguage\":\"es\",\"@id\":\"https:\/\/remedios24.cc\/product\/viagra\/#primaryimage\",\"url\":\"https:\/\/remedios24.cc\/wp-content\/uploads\/2024\/05\/08934-notw7-viagraKOcxd.jpeg\",\"contentUrl\":\"https:\/\/remedios24.cc\/wp-content\/uploads\/2024\/05\/08934-notw7-viagraKOcxd.jpeg\",\"width\":700,\"height\":463},{\"@type\":\"BreadcrumbList\",\"@id\":\"https:\/\/remedios24.cc\/product\/viagra\/#breadcrumb\",\"itemListElement\":[{\"@type\":\"ListItem\",\"position\":1,\"name\":\"Home\",\"item\":\"https:\/\/remedios24.cc\/es\/\"},{\"@type\":\"ListItem\",\"position\":2,\"name\":\"Shop\",\"item\":\"https:\/\/remedios24.cc\/shop\/\"},{\"@type\":\"ListItem\",\"position\":3,\"name\":\"Viagra\"}]},{\"@type\":\"WebSite\",\"@id\":\"https:\/\/remedios24.cc\/#website\",\"url\":\"https:\/\/remedios24.cc\/\",\"name\":\"remedios24\",\"description\":\"\",\"potentialAction\":[{\"@type\":\"SearchAction\",\"target\":{\"@type\":\"EntryPoint\",\"urlTemplate\":\"https:\/\/remedios24.cc\/?s={search_term_string}\"},\"query-input\":\"required name=search_term_string\"}],\"inLanguage\":\"es\"}]}<\/script>\n<!-- \/ Yoast SEO plugin. -->","yoast_head_json":{"title":"Compra Viagra online en Espa\u00f1a | Remedios24","description":"Compra Viagra online en Espa\u00f1a sin receta. Entrega en 7 a 10 d\u00edas.","robots":{"index":"index","follow":"follow","max-snippet":"max-snippet:-1","max-image-preview":"max-image-preview:large","max-video-preview":"max-video-preview:-1"},"canonical":"https:\/\/remedios24.cc\/es\/product\/viagra\/","og_locale":"es_ES","og_type":"article","og_title":"Compra Viagra online en Espa\u00f1a | Remedios24","og_description":"Compra Viagra online en Espa\u00f1a sin receta. Entrega en 7 a 10 d\u00edas.","og_url":"https:\/\/remedios24.cc\/es\/product\/viagra\/","og_site_name":"remedios24","article_modified_time":"2026-03-24T11:08:24+00:00","og_image":[{"width":700,"height":463,"url":"https:\/\/remedios24.cc\/wp-content\/uploads\/2024\/05\/08934-notw7-viagraKOcxd.jpeg","type":"image\/jpeg"}],"twitter_card":"summary_large_image","twitter_misc":{"Tiempo de lectura":"1 minuto"},"schema":{"@context":"https:\/\/schema.org","@graph":[{"@type":"WebPage","@id":"https:\/\/remedios24.cc\/product\/viagra\/","url":"https:\/\/remedios24.cc\/product\/viagra\/","name":"Compra Viagra online en Espa\u00f1a | Remedios24","isPartOf":{"@id":"https:\/\/remedios24.cc\/#website"},"primaryImageOfPage":{"@id":"https:\/\/remedios24.cc\/product\/viagra\/#primaryimage"},"image":{"@id":"https:\/\/remedios24.cc\/product\/viagra\/#primaryimage"},"thumbnailUrl":"https:\/\/remedios24.cc\/wp-content\/uploads\/2024\/05\/08934-notw7-viagraKOcxd.jpeg","datePublished":"2024-05-12T18:41:06+00:00","dateModified":"2026-03-24T11:08:24+00:00","description":"Compra Viagra online en Espa\u00f1a sin receta. Entrega en 7 a 10 d\u00edas.","breadcrumb":{"@id":"https:\/\/remedios24.cc\/product\/viagra\/#breadcrumb"},"inLanguage":"es","potentialAction":[{"@type":"ReadAction","target":["https:\/\/remedios24.cc\/product\/viagra\/"]}]},{"@type":"ImageObject","inLanguage":"es","@id":"https:\/\/remedios24.cc\/product\/viagra\/#primaryimage","url":"https:\/\/remedios24.cc\/wp-content\/uploads\/2024\/05\/08934-notw7-viagraKOcxd.jpeg","contentUrl":"https:\/\/remedios24.cc\/wp-content\/uploads\/2024\/05\/08934-notw7-viagraKOcxd.jpeg","width":700,"height":463},{"@type":"BreadcrumbList","@id":"https:\/\/remedios24.cc\/product\/viagra\/#breadcrumb","itemListElement":[{"@type":"ListItem","position":1,"name":"Home","item":"https:\/\/remedios24.cc\/es\/"},{"@type":"ListItem","position":2,"name":"Shop","item":"https:\/\/remedios24.cc\/shop\/"},{"@type":"ListItem","position":3,"name":"Viagra"}]},{"@type":"WebSite","@id":"https:\/\/remedios24.cc\/#website","url":"https:\/\/remedios24.cc\/","name":"remedios24","description":"","potentialAction":[{"@type":"SearchAction","target":{"@type":"EntryPoint","urlTemplate":"https:\/\/remedios24.cc\/?s={search_term_string}"},"query-input":"required name=search_term_string"}],"inLanguage":"es"}]}},"_links":{"self":[{"href":"https:\/\/remedios24.cc\/es\/wp-json\/wp\/v2\/product\/399"}],"collection":[{"href":"https:\/\/remedios24.cc\/es\/wp-json\/wp\/v2\/product"}],"about":[{"href":"https:\/\/remedios24.cc\/es\/wp-json\/wp\/v2\/types\/product"}],"replies":[{"embeddable":true,"href":"https:\/\/remedios24.cc\/es\/wp-json\/wp\/v2\/comments?post=399"}],"wp:featuredmedia":[{"embeddable":true,"href":"https:\/\/remedios24.cc\/es\/wp-json\/wp\/v2\/media\/1090"}],"wp:attachment":[{"href":"https:\/\/remedios24.cc\/es\/wp-json\/wp\/v2\/media?parent=399"}],"wp:term":[{"taxonomy":"product_cat","embeddable":true,"href":"https:\/\/remedios24.cc\/es\/wp-json\/wp\/v2\/product_cat?post=399"},{"taxonomy":"product_tag","embeddable":true,"href":"https:\/\/remedios24.cc\/es\/wp-json\/wp\/v2\/product_tag?post=399"}],"curies":[{"name":"wp","href":"https:\/\/api.w.org\/{rel}","templated":true}]}}