{"id":2079,"date":"2025-11-08T06:57:05","date_gmt":"2025-11-08T06:57:05","guid":{"rendered":"https:\/\/remedios24.cc\/?post_type=product&#038;p=2079"},"modified":"2026-03-24T10:50:29","modified_gmt":"2026-03-24T10:50:29","slug":"cialis-super-active","status":"publish","type":"product","link":"https:\/\/remedios24.cc\/es\/product\/cialis-super-active\/","title":{"rendered":"Cialis Super Active"},"content":{"rendered":"","protected":false},"excerpt":{"rendered":"","protected":false},"featured_media":2075,"comment_status":"open","ping_status":"closed","template":"","meta":[],"product_cat":[16],"product_tag":[38],"yoast_head":"<!-- This site is optimized with the Yoast SEO plugin v22.6 - https:\/\/yoast.com\/wordpress\/plugins\/seo\/ -->\n<title>Comprar Cialis Super Active en l\u00ednea en Espa\u00f1a \u2013 Remedios24<\/title>\n<meta name=\"description\" content=\"Pida Cialis Super Active en l\u00ednea: env\u00edo r\u00e1pido y gratuito 10% de pastillas extra Farmacia en l\u00ednea de confianza Remedios24\" \/>\n<meta name=\"robots\" content=\"index, follow, max-snippet:-1, max-image-preview:large, max-video-preview:-1\" \/>\n<link rel=\"canonical\" href=\"https:\/\/remedios24.cc\/es\/product\/cialis-super-active\/\" \/>\n<meta property=\"og:locale\" content=\"es_ES\" \/>\n<meta property=\"og:type\" content=\"article\" \/>\n<meta property=\"og:title\" content=\"Comprar Cialis Super Active en l\u00ednea en Espa\u00f1a \u2013 Remedios24\" \/>\n<meta property=\"og:description\" content=\"Pida Cialis Super Active en l\u00ednea: env\u00edo r\u00e1pido y gratuito 10% de pastillas extra Farmacia en l\u00ednea de confianza Remedios24\" \/>\n<meta property=\"og:url\" content=\"https:\/\/remedios24.cc\/es\/product\/cialis-super-active\/\" \/>\n<meta property=\"og:site_name\" content=\"remedios24\" \/>\n<meta property=\"article:modified_time\" content=\"2026-03-24T10:50:29+00:00\" \/>\n<meta property=\"og:image\" content=\"https:\/\/remedios24.cc\/wp-content\/uploads\/2025\/11\/cialis-super-active.webp\" \/>\n\t<meta property=\"og:image:width\" content=\"240\" \/>\n\t<meta property=\"og:image:height\" content=\"240\" \/>\n\t<meta property=\"og:image:type\" content=\"image\/webp\" \/>\n<meta name=\"twitter:card\" content=\"summary_large_image\" \/>\n<meta name=\"twitter:label1\" content=\"Tiempo de lectura\" \/>\n\t<meta name=\"twitter:data1\" content=\"1 minuto\" \/>\n<script type=\"application\/ld+json\" class=\"yoast-schema-graph\">{\"@context\":\"https:\/\/schema.org\",\"@graph\":[{\"@type\":\"WebPage\",\"@id\":\"https:\/\/remedios24.cc\/product\/cialis-super-active\/\",\"url\":\"https:\/\/remedios24.cc\/product\/cialis-super-active\/\",\"name\":\"Comprar Cialis Super Active en l\u00ednea en Espa\u00f1a \u2013 Remedios24\",\"isPartOf\":{\"@id\":\"https:\/\/remedios24.cc\/#website\"},\"primaryImageOfPage\":{\"@id\":\"https:\/\/remedios24.cc\/product\/cialis-super-active\/#primaryimage\"},\"image\":{\"@id\":\"https:\/\/remedios24.cc\/product\/cialis-super-active\/#primaryimage\"},\"thumbnailUrl\":\"https:\/\/remedios24.cc\/wp-content\/uploads\/2025\/11\/cialis-super-active.webp\",\"datePublished\":\"2025-11-08T06:57:05+00:00\",\"dateModified\":\"2026-03-24T10:50:29+00:00\",\"description\":\"Pida Cialis Super Active en l\u00ednea: env\u00edo r\u00e1pido y gratuito 10% de pastillas extra Farmacia en l\u00ednea de confianza Remedios24\",\"breadcrumb\":{\"@id\":\"https:\/\/remedios24.cc\/product\/cialis-super-active\/#breadcrumb\"},\"inLanguage\":\"es\",\"potentialAction\":[{\"@type\":\"ReadAction\",\"target\":[\"https:\/\/remedios24.cc\/product\/cialis-super-active\/\"]}]},{\"@type\":\"ImageObject\",\"inLanguage\":\"es\",\"@id\":\"https:\/\/remedios24.cc\/product\/cialis-super-active\/#primaryimage\",\"url\":\"https:\/\/remedios24.cc\/wp-content\/uploads\/2025\/11\/cialis-super-active.webp\",\"contentUrl\":\"https:\/\/remedios24.cc\/wp-content\/uploads\/2025\/11\/cialis-super-active.webp\",\"width\":240,\"height\":240},{\"@type\":\"BreadcrumbList\",\"@id\":\"https:\/\/remedios24.cc\/product\/cialis-super-active\/#breadcrumb\",\"itemListElement\":[{\"@type\":\"ListItem\",\"position\":1,\"name\":\"Home\",\"item\":\"https:\/\/remedios24.cc\/es\/\"},{\"@type\":\"ListItem\",\"position\":2,\"name\":\"Shop\",\"item\":\"https:\/\/remedios24.cc\/shop\/\"},{\"@type\":\"ListItem\",\"position\":3,\"name\":\"Cialis Super Active\"}]},{\"@type\":\"WebSite\",\"@id\":\"https:\/\/remedios24.cc\/#website\",\"url\":\"https:\/\/remedios24.cc\/\",\"name\":\"remedios24\",\"description\":\"\",\"potentialAction\":[{\"@type\":\"SearchAction\",\"target\":{\"@type\":\"EntryPoint\",\"urlTemplate\":\"https:\/\/remedios24.cc\/?s={search_term_string}\"},\"query-input\":\"required name=search_term_string\"}],\"inLanguage\":\"es\"}]}<\/script>\n<!-- \/ Yoast SEO plugin. -->","yoast_head_json":{"title":"Comprar Cialis Super Active en l\u00ednea en Espa\u00f1a \u2013 Remedios24","description":"Pida Cialis Super Active en l\u00ednea: env\u00edo r\u00e1pido y gratuito 10% de pastillas extra Farmacia en l\u00ednea de confianza Remedios24","robots":{"index":"index","follow":"follow","max-snippet":"max-snippet:-1","max-image-preview":"max-image-preview:large","max-video-preview":"max-video-preview:-1"},"canonical":"https:\/\/remedios24.cc\/es\/product\/cialis-super-active\/","og_locale":"es_ES","og_type":"article","og_title":"Comprar Cialis Super Active en l\u00ednea en Espa\u00f1a \u2013 Remedios24","og_description":"Pida Cialis Super Active en l\u00ednea: env\u00edo r\u00e1pido y gratuito 10% de pastillas extra Farmacia en l\u00ednea de confianza Remedios24","og_url":"https:\/\/remedios24.cc\/es\/product\/cialis-super-active\/","og_site_name":"remedios24","article_modified_time":"2026-03-24T10:50:29+00:00","og_image":[{"width":240,"height":240,"url":"https:\/\/remedios24.cc\/wp-content\/uploads\/2025\/11\/cialis-super-active.webp","type":"image\/webp"}],"twitter_card":"summary_large_image","twitter_misc":{"Tiempo de lectura":"1 minuto"},"schema":{"@context":"https:\/\/schema.org","@graph":[{"@type":"WebPage","@id":"https:\/\/remedios24.cc\/product\/cialis-super-active\/","url":"https:\/\/remedios24.cc\/product\/cialis-super-active\/","name":"Comprar Cialis Super Active en l\u00ednea en Espa\u00f1a \u2013 Remedios24","isPartOf":{"@id":"https:\/\/remedios24.cc\/#website"},"primaryImageOfPage":{"@id":"https:\/\/remedios24.cc\/product\/cialis-super-active\/#primaryimage"},"image":{"@id":"https:\/\/remedios24.cc\/product\/cialis-super-active\/#primaryimage"},"thumbnailUrl":"https:\/\/remedios24.cc\/wp-content\/uploads\/2025\/11\/cialis-super-active.webp","datePublished":"2025-11-08T06:57:05+00:00","dateModified":"2026-03-24T10:50:29+00:00","description":"Pida Cialis Super Active en l\u00ednea: env\u00edo r\u00e1pido y gratuito 10% de pastillas extra Farmacia en l\u00ednea de confianza Remedios24","breadcrumb":{"@id":"https:\/\/remedios24.cc\/product\/cialis-super-active\/#breadcrumb"},"inLanguage":"es","potentialAction":[{"@type":"ReadAction","target":["https:\/\/remedios24.cc\/product\/cialis-super-active\/"]}]},{"@type":"ImageObject","inLanguage":"es","@id":"https:\/\/remedios24.cc\/product\/cialis-super-active\/#primaryimage","url":"https:\/\/remedios24.cc\/wp-content\/uploads\/2025\/11\/cialis-super-active.webp","contentUrl":"https:\/\/remedios24.cc\/wp-content\/uploads\/2025\/11\/cialis-super-active.webp","width":240,"height":240},{"@type":"BreadcrumbList","@id":"https:\/\/remedios24.cc\/product\/cialis-super-active\/#breadcrumb","itemListElement":[{"@type":"ListItem","position":1,"name":"Home","item":"https:\/\/remedios24.cc\/es\/"},{"@type":"ListItem","position":2,"name":"Shop","item":"https:\/\/remedios24.cc\/shop\/"},{"@type":"ListItem","position":3,"name":"Cialis Super Active"}]},{"@type":"WebSite","@id":"https:\/\/remedios24.cc\/#website","url":"https:\/\/remedios24.cc\/","name":"remedios24","description":"","potentialAction":[{"@type":"SearchAction","target":{"@type":"EntryPoint","urlTemplate":"https:\/\/remedios24.cc\/?s={search_term_string}"},"query-input":"required name=search_term_string"}],"inLanguage":"es"}]}},"_links":{"self":[{"href":"https:\/\/remedios24.cc\/es\/wp-json\/wp\/v2\/product\/2079"}],"collection":[{"href":"https:\/\/remedios24.cc\/es\/wp-json\/wp\/v2\/product"}],"about":[{"href":"https:\/\/remedios24.cc\/es\/wp-json\/wp\/v2\/types\/product"}],"replies":[{"embeddable":true,"href":"https:\/\/remedios24.cc\/es\/wp-json\/wp\/v2\/comments?post=2079"}],"wp:featuredmedia":[{"embeddable":true,"href":"https:\/\/remedios24.cc\/es\/wp-json\/wp\/v2\/media\/2075"}],"wp:attachment":[{"href":"https:\/\/remedios24.cc\/es\/wp-json\/wp\/v2\/media?parent=2079"}],"wp:term":[{"taxonomy":"product_cat","embeddable":true,"href":"https:\/\/remedios24.cc\/es\/wp-json\/wp\/v2\/product_cat?post=2079"},{"taxonomy":"product_tag","embeddable":true,"href":"https:\/\/remedios24.cc\/es\/wp-json\/wp\/v2\/product_tag?post=2079"}],"curies":[{"name":"wp","href":"https:\/\/api.w.org\/{rel}","templated":true}]}}