{"id":1981,"date":"2025-11-06T17:52:45","date_gmt":"2025-11-06T17:52:45","guid":{"rendered":"https:\/\/remedios24.cc\/?post_type=product&#038;p=1981"},"modified":"2026-03-24T10:50:11","modified_gmt":"2026-03-24T10:50:11","slug":"viagra-super-active","status":"publish","type":"product","link":"https:\/\/remedios24.cc\/es\/product\/viagra-super-active\/","title":{"rendered":"Viagra Super Active"},"content":{"rendered":"","protected":false},"excerpt":{"rendered":"","protected":false},"featured_media":1988,"comment_status":"open","ping_status":"closed","template":"","meta":[],"product_cat":[16],"product_tag":[37],"yoast_head":"<!-- This site is optimized with the Yoast SEO plugin v22.6 - https:\/\/yoast.com\/wordpress\/plugins\/seo\/ -->\n<title>Compre Viagra Super Active en l\u00ednea al mejor precio<\/title>\n<meta name=\"description\" content=\"Farmacia en l\u00ednea de confianza con productos aut\u00e9nticos en Espa\u00f1a: Remedios24. Compre Viagra Super Active en l\u00ednea al mejor precio.\" \/>\n<meta name=\"robots\" content=\"index, follow, max-snippet:-1, max-image-preview:large, max-video-preview:-1\" \/>\n<link rel=\"canonical\" href=\"https:\/\/remedios24.cc\/es\/product\/viagra-super-active\/\" \/>\n<meta property=\"og:locale\" content=\"es_ES\" \/>\n<meta property=\"og:type\" content=\"article\" \/>\n<meta property=\"og:title\" content=\"Compre Viagra Super Active en l\u00ednea al mejor precio\" \/>\n<meta property=\"og:description\" content=\"Farmacia en l\u00ednea de confianza con productos aut\u00e9nticos en Espa\u00f1a: Remedios24. Compre Viagra Super Active en l\u00ednea al mejor precio.\" \/>\n<meta property=\"og:url\" content=\"https:\/\/remedios24.cc\/es\/product\/viagra-super-active\/\" \/>\n<meta property=\"og:site_name\" content=\"remedios24\" \/>\n<meta property=\"article:modified_time\" content=\"2026-03-24T10:50:11+00:00\" \/>\n<meta property=\"og:image\" content=\"https:\/\/remedios24.cc\/wp-content\/uploads\/2025\/11\/viagra-super-active-title-240x240-1.webp\" \/>\n\t<meta property=\"og:image:width\" content=\"240\" \/>\n\t<meta property=\"og:image:height\" content=\"240\" \/>\n\t<meta property=\"og:image:type\" content=\"image\/webp\" \/>\n<meta name=\"twitter:card\" content=\"summary_large_image\" \/>\n<meta name=\"twitter:label1\" content=\"Tiempo de lectura\" \/>\n\t<meta name=\"twitter:data1\" content=\"1 minuto\" \/>\n<script type=\"application\/ld+json\" class=\"yoast-schema-graph\">{\"@context\":\"https:\/\/schema.org\",\"@graph\":[{\"@type\":\"WebPage\",\"@id\":\"https:\/\/remedios24.cc\/product\/viagra-super-active\/\",\"url\":\"https:\/\/remedios24.cc\/product\/viagra-super-active\/\",\"name\":\"Compre Viagra Super Active en l\u00ednea al mejor precio\",\"isPartOf\":{\"@id\":\"https:\/\/remedios24.cc\/#website\"},\"primaryImageOfPage\":{\"@id\":\"https:\/\/remedios24.cc\/product\/viagra-super-active\/#primaryimage\"},\"image\":{\"@id\":\"https:\/\/remedios24.cc\/product\/viagra-super-active\/#primaryimage\"},\"thumbnailUrl\":\"https:\/\/remedios24.cc\/wp-content\/uploads\/2025\/11\/viagra-super-active-title-240x240-1.webp\",\"datePublished\":\"2025-11-06T17:52:45+00:00\",\"dateModified\":\"2026-03-24T10:50:11+00:00\",\"description\":\"Farmacia en l\u00ednea de confianza con productos aut\u00e9nticos en Espa\u00f1a: Remedios24. Compre Viagra Super Active en l\u00ednea al mejor precio.\",\"breadcrumb\":{\"@id\":\"https:\/\/remedios24.cc\/product\/viagra-super-active\/#breadcrumb\"},\"inLanguage\":\"es\",\"potentialAction\":[{\"@type\":\"ReadAction\",\"target\":[\"https:\/\/remedios24.cc\/product\/viagra-super-active\/\"]}]},{\"@type\":\"ImageObject\",\"inLanguage\":\"es\",\"@id\":\"https:\/\/remedios24.cc\/product\/viagra-super-active\/#primaryimage\",\"url\":\"https:\/\/remedios24.cc\/wp-content\/uploads\/2025\/11\/viagra-super-active-title-240x240-1.webp\",\"contentUrl\":\"https:\/\/remedios24.cc\/wp-content\/uploads\/2025\/11\/viagra-super-active-title-240x240-1.webp\",\"width\":240,\"height\":240},{\"@type\":\"BreadcrumbList\",\"@id\":\"https:\/\/remedios24.cc\/product\/viagra-super-active\/#breadcrumb\",\"itemListElement\":[{\"@type\":\"ListItem\",\"position\":1,\"name\":\"Home\",\"item\":\"https:\/\/remedios24.cc\/es\/\"},{\"@type\":\"ListItem\",\"position\":2,\"name\":\"Shop\",\"item\":\"https:\/\/remedios24.cc\/shop\/\"},{\"@type\":\"ListItem\",\"position\":3,\"name\":\"Viagra Super Active\"}]},{\"@type\":\"WebSite\",\"@id\":\"https:\/\/remedios24.cc\/#website\",\"url\":\"https:\/\/remedios24.cc\/\",\"name\":\"remedios24\",\"description\":\"\",\"potentialAction\":[{\"@type\":\"SearchAction\",\"target\":{\"@type\":\"EntryPoint\",\"urlTemplate\":\"https:\/\/remedios24.cc\/?s={search_term_string}\"},\"query-input\":\"required name=search_term_string\"}],\"inLanguage\":\"es\"}]}<\/script>\n<!-- \/ Yoast SEO plugin. -->","yoast_head_json":{"title":"Compre Viagra Super Active en l\u00ednea al mejor precio","description":"Farmacia en l\u00ednea de confianza con productos aut\u00e9nticos en Espa\u00f1a: Remedios24. Compre Viagra Super Active en l\u00ednea al mejor precio.","robots":{"index":"index","follow":"follow","max-snippet":"max-snippet:-1","max-image-preview":"max-image-preview:large","max-video-preview":"max-video-preview:-1"},"canonical":"https:\/\/remedios24.cc\/es\/product\/viagra-super-active\/","og_locale":"es_ES","og_type":"article","og_title":"Compre Viagra Super Active en l\u00ednea al mejor precio","og_description":"Farmacia en l\u00ednea de confianza con productos aut\u00e9nticos en Espa\u00f1a: Remedios24. Compre Viagra Super Active en l\u00ednea al mejor precio.","og_url":"https:\/\/remedios24.cc\/es\/product\/viagra-super-active\/","og_site_name":"remedios24","article_modified_time":"2026-03-24T10:50:11+00:00","og_image":[{"width":240,"height":240,"url":"https:\/\/remedios24.cc\/wp-content\/uploads\/2025\/11\/viagra-super-active-title-240x240-1.webp","type":"image\/webp"}],"twitter_card":"summary_large_image","twitter_misc":{"Tiempo de lectura":"1 minuto"},"schema":{"@context":"https:\/\/schema.org","@graph":[{"@type":"WebPage","@id":"https:\/\/remedios24.cc\/product\/viagra-super-active\/","url":"https:\/\/remedios24.cc\/product\/viagra-super-active\/","name":"Compre Viagra Super Active en l\u00ednea al mejor precio","isPartOf":{"@id":"https:\/\/remedios24.cc\/#website"},"primaryImageOfPage":{"@id":"https:\/\/remedios24.cc\/product\/viagra-super-active\/#primaryimage"},"image":{"@id":"https:\/\/remedios24.cc\/product\/viagra-super-active\/#primaryimage"},"thumbnailUrl":"https:\/\/remedios24.cc\/wp-content\/uploads\/2025\/11\/viagra-super-active-title-240x240-1.webp","datePublished":"2025-11-06T17:52:45+00:00","dateModified":"2026-03-24T10:50:11+00:00","description":"Farmacia en l\u00ednea de confianza con productos aut\u00e9nticos en Espa\u00f1a: Remedios24. Compre Viagra Super Active en l\u00ednea al mejor precio.","breadcrumb":{"@id":"https:\/\/remedios24.cc\/product\/viagra-super-active\/#breadcrumb"},"inLanguage":"es","potentialAction":[{"@type":"ReadAction","target":["https:\/\/remedios24.cc\/product\/viagra-super-active\/"]}]},{"@type":"ImageObject","inLanguage":"es","@id":"https:\/\/remedios24.cc\/product\/viagra-super-active\/#primaryimage","url":"https:\/\/remedios24.cc\/wp-content\/uploads\/2025\/11\/viagra-super-active-title-240x240-1.webp","contentUrl":"https:\/\/remedios24.cc\/wp-content\/uploads\/2025\/11\/viagra-super-active-title-240x240-1.webp","width":240,"height":240},{"@type":"BreadcrumbList","@id":"https:\/\/remedios24.cc\/product\/viagra-super-active\/#breadcrumb","itemListElement":[{"@type":"ListItem","position":1,"name":"Home","item":"https:\/\/remedios24.cc\/es\/"},{"@type":"ListItem","position":2,"name":"Shop","item":"https:\/\/remedios24.cc\/shop\/"},{"@type":"ListItem","position":3,"name":"Viagra Super Active"}]},{"@type":"WebSite","@id":"https:\/\/remedios24.cc\/#website","url":"https:\/\/remedios24.cc\/","name":"remedios24","description":"","potentialAction":[{"@type":"SearchAction","target":{"@type":"EntryPoint","urlTemplate":"https:\/\/remedios24.cc\/?s={search_term_string}"},"query-input":"required name=search_term_string"}],"inLanguage":"es"}]}},"_links":{"self":[{"href":"https:\/\/remedios24.cc\/es\/wp-json\/wp\/v2\/product\/1981"}],"collection":[{"href":"https:\/\/remedios24.cc\/es\/wp-json\/wp\/v2\/product"}],"about":[{"href":"https:\/\/remedios24.cc\/es\/wp-json\/wp\/v2\/types\/product"}],"replies":[{"embeddable":true,"href":"https:\/\/remedios24.cc\/es\/wp-json\/wp\/v2\/comments?post=1981"}],"wp:featuredmedia":[{"embeddable":true,"href":"https:\/\/remedios24.cc\/es\/wp-json\/wp\/v2\/media\/1988"}],"wp:attachment":[{"href":"https:\/\/remedios24.cc\/es\/wp-json\/wp\/v2\/media?parent=1981"}],"wp:term":[{"taxonomy":"product_cat","embeddable":true,"href":"https:\/\/remedios24.cc\/es\/wp-json\/wp\/v2\/product_cat?post=1981"},{"taxonomy":"product_tag","embeddable":true,"href":"https:\/\/remedios24.cc\/es\/wp-json\/wp\/v2\/product_tag?post=1981"}],"curies":[{"name":"wp","href":"https:\/\/api.w.org\/{rel}","templated":true}]}}