{"id":1099,"date":"2025-01-21T07:26:41","date_gmt":"2025-01-21T07:26:41","guid":{"rendered":"https:\/\/remedios24.cc\/?post_type=product&#038;p=1099"},"modified":"2026-02-26T03:58:09","modified_gmt":"2026-02-26T03:58:09","slug":"lovegra-fur-frauen","status":"publish","type":"product","link":"https:\/\/remedios24.cc\/es\/product\/lovegra-fur-frauen\/","title":{"rendered":"Lovegra f\u00fcr Frauen"},"content":{"rendered":"<p><strong>F\u00fcr wen ist Lovegra gedacht?<\/strong><\/p>\n<p>Viele Frauen klagen dar\u00fcber, dass sie kaum noch Lust auf Sex haben. Oft betrifft das Frauen, die in einer langen Beziehung stecken. Allerdings hei\u00dft das nicht automatisch, dass sie keine Lust mehr auf ihren Partner haben. Denn auch Frauen ohne Beziehung kann diese Lustlosigkeit \u00fcberkommen.<\/p>\n<p>Im Gegensatz zu M\u00e4nnern brauchen Frauen oft ein wenig Zeit, um Lust auf Sex zu bekommen. Es reicht nicht eine kleine Ber\u00fchrung wie oft am Anfang einer Beziehung. Gerade M\u00e4nner vergessen oft, dass Frauen anders als sie funktionieren. Reicht beim Mann eine Geste oder eine kleine Ber\u00fchrung um ihn zu erregen, braucht eine Frau mehr. Im Laufe der Jahre nimmt diese Aufmerksamkeit in Beziehungen oft ab und damit sinkt die sexuelle Lust der Frau.<\/p>\n<p>Doch nicht immer ist das der Grund \u2013 Frauen leiden h\u00e4ufig unter Durchblutungsst\u00f6rungen. Eine gute Durchblutung ist jedoch essentiell f\u00fcr die sexuelle Stimulation. Werden die Scheide und die Klitoris nicht ausreichend durchblutet, hemmt dies das Lustempfinden enorm. Lovegra ist durchblutungsf\u00f6rdernd und verschafft Frauen schnell Lust auf Sex. Damit ist Lovegra im Prinzip f\u00fcr alle Frauen geeignet, die nach einem neuen Kick im Bett suchen. Da die Nebenwirkungen in den meisten F\u00e4llen gering ausfallen, lohnt es sich, das Produkt einmal zu probieren.<\/p>\n<p><strong>Wie funktioniert Lovegra Deutschland?<\/strong><\/p>\n<p>Lovegra beinhaltet den Wirkstoff Sildenafil. Dieser ist auch in vielen herk\u00f6mmlichen Potenzmitteln f\u00fcr M\u00e4nner enthalten. Im Gegensatz zu m\u00e4nnlichen Potenzmitteln muss die Wirkung von Lovegra jedoch nicht eintreten. M\u00e4nner reagieren sehr h\u00e4ufig auf die Inhaltsstoffe, bei Frauen ist die Wirkung eher zuf\u00e4llig. Es gibt noch nicht gen\u00fcgend Studien \u00fcber weibliche Potenzmittel, weshalb nicht alle Frauen auf die gleichen Wirkstoffe reagieren. Es kann also sein, dass nach einer Einnahme keine Wirkung erfolgt.<\/p>\n<p>Im besten Fall soll Sildenafil\u00a0 die Durchblutung in den Geschlechtsorganen anregen und somit mehr Lust auf Sex machen. Au\u00dferdem wird die Scheide besser durchblutet, was eine eventuelle Trockenheit verhindert. Damit sind die besten k\u00f6rperlichen Voraussetzungen f\u00fcr guten Sex geschaffen.<\/p>\n<p><strong>Woher kommen Potenzprobleme bei der Frau?<\/strong><\/p>\n<p>Bevor eine Frau Lovegra kaufen geht, sollte sie sich Gedanken machen, woher die Motivation kommt, ein Potenzmittel zu testen. Zun\u00e4chst stellt sich die Frage, ob es noch Lust auf Sex gibt. Wenn dies der Fall ist, ist es einfacher wieder mehr Lust auf Sex zu bekommen. Wenn die Lust ganz weg ist, kann dies wie beim Mann k\u00f6rperliche oder psychische Ursachen haben.<\/p>\n<p>Stress in der Arbeit, in der Beziehung, im Privatleben oder eine allgemeine Unzufriedenheit sind gro\u00dfe Lustkiller f\u00fcr Frauen. Da bei Frauen die Sexualit\u00e4t vor allem im Kopf stattfindet, muss dieser frei von Problemen sein, die ablenken k\u00f6nnen. Deshalb ist es f\u00fcr Frauen auch oft viel wichtiger, in welcher Umgebung der Sex stattfindet und wie sehr sich der Partner bem\u00fcht. Ein Quickie ist zwar sch\u00f6n und gut, aber die meisten Frauen finden die wahre Befriedigung im Drumherum.<\/p>\n","protected":false},"excerpt":{"rendered":"<p><strong>Artikelnummer: n. v.<\/strong><br \/>\n<strong>Kategorie: Potenzmittel<\/strong><br \/>\n<strong>Schlagw\u00f6rter: Lovegra 100mg Bestellen, Lovegra 100mg Kaufen<\/strong><\/p>\n","protected":false},"featured_media":1110,"comment_status":"open","ping_status":"closed","template":"","meta":[],"product_cat":[16],"product_tag":[],"yoast_head":"<!-- This site is optimized with the Yoast SEO plugin v22.6 - https:\/\/yoast.com\/wordpress\/plugins\/seo\/ -->\n<title>Lovegra f\u00fcr Frauen - remedios24<\/title>\n<meta name=\"robots\" content=\"index, follow, max-snippet:-1, max-image-preview:large, max-video-preview:-1\" \/>\n<link rel=\"canonical\" href=\"https:\/\/remedios24.cc\/es\/product\/lovegra-fur-frauen\/\" \/>\n<meta property=\"og:locale\" content=\"es_ES\" \/>\n<meta property=\"og:type\" content=\"article\" \/>\n<meta property=\"og:title\" content=\"Lovegra f\u00fcr Frauen - remedios24\" \/>\n<meta property=\"og:description\" content=\"Artikelnummer: n. v. Kategorie: Potenzmittel Schlagw\u00f6rter: Lovegra 100mg Bestellen, Lovegra 100mg Kaufen\" \/>\n<meta property=\"og:url\" content=\"https:\/\/remedios24.cc\/es\/product\/lovegra-fur-frauen\/\" \/>\n<meta property=\"og:site_name\" content=\"remedios24\" \/>\n<meta property=\"article:modified_time\" content=\"2026-02-26T03:58:09+00:00\" \/>\n<meta property=\"og:image\" content=\"https:\/\/remedios24.cc\/wp-content\/uploads\/2025\/01\/lovegra-min.jpg\" \/>\n\t<meta property=\"og:image:width\" content=\"400\" \/>\n\t<meta property=\"og:image:height\" content=\"400\" \/>\n\t<meta property=\"og:image:type\" content=\"image\/jpeg\" \/>\n<meta name=\"twitter:card\" content=\"summary_large_image\" \/>\n<meta name=\"twitter:label1\" content=\"Tiempo de lectura\" \/>\n\t<meta name=\"twitter:data1\" content=\"3 minutos\" \/>\n<script type=\"application\/ld+json\" class=\"yoast-schema-graph\">{\"@context\":\"https:\/\/schema.org\",\"@graph\":[{\"@type\":\"WebPage\",\"@id\":\"https:\/\/remedios24.cc\/product\/lovegra-fur-frauen\/\",\"url\":\"https:\/\/remedios24.cc\/product\/lovegra-fur-frauen\/\",\"name\":\"Lovegra f\u00fcr Frauen - remedios24\",\"isPartOf\":{\"@id\":\"https:\/\/remedios24.cc\/#website\"},\"primaryImageOfPage\":{\"@id\":\"https:\/\/remedios24.cc\/product\/lovegra-fur-frauen\/#primaryimage\"},\"image\":{\"@id\":\"https:\/\/remedios24.cc\/product\/lovegra-fur-frauen\/#primaryimage\"},\"thumbnailUrl\":\"https:\/\/remedios24.cc\/wp-content\/uploads\/2025\/01\/lovegra-min.jpg\",\"datePublished\":\"2025-01-21T07:26:41+00:00\",\"dateModified\":\"2026-02-26T03:58:09+00:00\",\"breadcrumb\":{\"@id\":\"https:\/\/remedios24.cc\/product\/lovegra-fur-frauen\/#breadcrumb\"},\"inLanguage\":\"es\",\"potentialAction\":[{\"@type\":\"ReadAction\",\"target\":[\"https:\/\/remedios24.cc\/product\/lovegra-fur-frauen\/\"]}]},{\"@type\":\"ImageObject\",\"inLanguage\":\"es\",\"@id\":\"https:\/\/remedios24.cc\/product\/lovegra-fur-frauen\/#primaryimage\",\"url\":\"https:\/\/remedios24.cc\/wp-content\/uploads\/2025\/01\/lovegra-min.jpg\",\"contentUrl\":\"https:\/\/remedios24.cc\/wp-content\/uploads\/2025\/01\/lovegra-min.jpg\",\"width\":400,\"height\":400},{\"@type\":\"BreadcrumbList\",\"@id\":\"https:\/\/remedios24.cc\/product\/lovegra-fur-frauen\/#breadcrumb\",\"itemListElement\":[{\"@type\":\"ListItem\",\"position\":1,\"name\":\"Home\",\"item\":\"https:\/\/remedios24.cc\/es\/\"},{\"@type\":\"ListItem\",\"position\":2,\"name\":\"Shop\",\"item\":\"https:\/\/remedios24.cc\/shop\/\"},{\"@type\":\"ListItem\",\"position\":3,\"name\":\"Lovegra f\u00fcr Frauen\"}]},{\"@type\":\"WebSite\",\"@id\":\"https:\/\/remedios24.cc\/#website\",\"url\":\"https:\/\/remedios24.cc\/\",\"name\":\"remedios24\",\"description\":\"\",\"potentialAction\":[{\"@type\":\"SearchAction\",\"target\":{\"@type\":\"EntryPoint\",\"urlTemplate\":\"https:\/\/remedios24.cc\/?s={search_term_string}\"},\"query-input\":\"required name=search_term_string\"}],\"inLanguage\":\"es\"}]}<\/script>\n<!-- \/ Yoast SEO plugin. -->","yoast_head_json":{"title":"Lovegra f\u00fcr Frauen - remedios24","robots":{"index":"index","follow":"follow","max-snippet":"max-snippet:-1","max-image-preview":"max-image-preview:large","max-video-preview":"max-video-preview:-1"},"canonical":"https:\/\/remedios24.cc\/es\/product\/lovegra-fur-frauen\/","og_locale":"es_ES","og_type":"article","og_title":"Lovegra f\u00fcr Frauen - remedios24","og_description":"Artikelnummer: n. v. Kategorie: Potenzmittel Schlagw\u00f6rter: Lovegra 100mg Bestellen, Lovegra 100mg Kaufen","og_url":"https:\/\/remedios24.cc\/es\/product\/lovegra-fur-frauen\/","og_site_name":"remedios24","article_modified_time":"2026-02-26T03:58:09+00:00","og_image":[{"width":400,"height":400,"url":"https:\/\/remedios24.cc\/wp-content\/uploads\/2025\/01\/lovegra-min.jpg","type":"image\/jpeg"}],"twitter_card":"summary_large_image","twitter_misc":{"Tiempo de lectura":"3 minutos"},"schema":{"@context":"https:\/\/schema.org","@graph":[{"@type":"WebPage","@id":"https:\/\/remedios24.cc\/product\/lovegra-fur-frauen\/","url":"https:\/\/remedios24.cc\/product\/lovegra-fur-frauen\/","name":"Lovegra f\u00fcr Frauen - remedios24","isPartOf":{"@id":"https:\/\/remedios24.cc\/#website"},"primaryImageOfPage":{"@id":"https:\/\/remedios24.cc\/product\/lovegra-fur-frauen\/#primaryimage"},"image":{"@id":"https:\/\/remedios24.cc\/product\/lovegra-fur-frauen\/#primaryimage"},"thumbnailUrl":"https:\/\/remedios24.cc\/wp-content\/uploads\/2025\/01\/lovegra-min.jpg","datePublished":"2025-01-21T07:26:41+00:00","dateModified":"2026-02-26T03:58:09+00:00","breadcrumb":{"@id":"https:\/\/remedios24.cc\/product\/lovegra-fur-frauen\/#breadcrumb"},"inLanguage":"es","potentialAction":[{"@type":"ReadAction","target":["https:\/\/remedios24.cc\/product\/lovegra-fur-frauen\/"]}]},{"@type":"ImageObject","inLanguage":"es","@id":"https:\/\/remedios24.cc\/product\/lovegra-fur-frauen\/#primaryimage","url":"https:\/\/remedios24.cc\/wp-content\/uploads\/2025\/01\/lovegra-min.jpg","contentUrl":"https:\/\/remedios24.cc\/wp-content\/uploads\/2025\/01\/lovegra-min.jpg","width":400,"height":400},{"@type":"BreadcrumbList","@id":"https:\/\/remedios24.cc\/product\/lovegra-fur-frauen\/#breadcrumb","itemListElement":[{"@type":"ListItem","position":1,"name":"Home","item":"https:\/\/remedios24.cc\/es\/"},{"@type":"ListItem","position":2,"name":"Shop","item":"https:\/\/remedios24.cc\/shop\/"},{"@type":"ListItem","position":3,"name":"Lovegra f\u00fcr Frauen"}]},{"@type":"WebSite","@id":"https:\/\/remedios24.cc\/#website","url":"https:\/\/remedios24.cc\/","name":"remedios24","description":"","potentialAction":[{"@type":"SearchAction","target":{"@type":"EntryPoint","urlTemplate":"https:\/\/remedios24.cc\/?s={search_term_string}"},"query-input":"required name=search_term_string"}],"inLanguage":"es"}]}},"_links":{"self":[{"href":"https:\/\/remedios24.cc\/es\/wp-json\/wp\/v2\/product\/1099"}],"collection":[{"href":"https:\/\/remedios24.cc\/es\/wp-json\/wp\/v2\/product"}],"about":[{"href":"https:\/\/remedios24.cc\/es\/wp-json\/wp\/v2\/types\/product"}],"replies":[{"embeddable":true,"href":"https:\/\/remedios24.cc\/es\/wp-json\/wp\/v2\/comments?post=1099"}],"wp:featuredmedia":[{"embeddable":true,"href":"https:\/\/remedios24.cc\/es\/wp-json\/wp\/v2\/media\/1110"}],"wp:attachment":[{"href":"https:\/\/remedios24.cc\/es\/wp-json\/wp\/v2\/media?parent=1099"}],"wp:term":[{"taxonomy":"product_cat","embeddable":true,"href":"https:\/\/remedios24.cc\/es\/wp-json\/wp\/v2\/product_cat?post=1099"},{"taxonomy":"product_tag","embeddable":true,"href":"https:\/\/remedios24.cc\/es\/wp-json\/wp\/v2\/product_tag?post=1099"}],"curies":[{"name":"wp","href":"https:\/\/api.w.org\/{rel}","templated":true}]}}